{"id":281,"date":"2025-10-26T22:48:09","date_gmt":"2025-10-26T21:48:09","guid":{"rendered":"https:\/\/shinbukai.de\/?page_id=281"},"modified":"2025-10-26T22:48:25","modified_gmt":"2025-10-26T21:48:25","slug":"erfolg-bei-der-deutschen-meisterschaft-ue30-kata","status":"publish","type":"page","link":"https:\/\/shinbukai.de\/?page_id=281","title":{"rendered":"Deutsche Meisterschaft \u2013 \u00dc30 Kata"},"content":{"rendered":"\n<div class=\"wp-block-group is-layout-constrained wp-container-core-group-is-layout-ff778368 wp-block-group-is-layout-constrained gtfy-10\" style=\"padding-right:var(--wp--preset--spacing--30);padding-left:var(--wp--preset--spacing--30)\">\n<div class=\"wp-block-group is-layout-constrained wp-block-group-is-layout-constrained gtfy-3\">\n<p class=\"gtfy-1\">Am 27. September 2025 sicherten sich <strong>Kai Ringwald<\/strong> den Deutschen Meistertitel und <strong>Sebastian M\u00f6hringer<\/strong> einen starken 5. Platz in der Masterklasse \u00dc30 im Bereich Kata.<br>Es fanden die Meisterschaften der Masterklasse im Karate statt, vertreten durch den Deutscher Karate Verband (DKV) wurden hier herausragende Leistungen gezeigt.<br>In der Altersklasse \u00dc30 bei den Herren Kata \u00fcberzeugte Kai Ringwald mit einer starken Leistung und holte <strong>Gold<\/strong>. Sebastian M\u00f6hringer belegte ebenfalls einen gro\u00dfartigen <strong>5. Platz<\/strong>, beide startend f\u00fcr die Shinbukai Karate-Schule Ettenheim.<br><br>M\u00f6chtest du mehr erfahren \u00fcber Technik, Training oder Wettkampf der Masterklasse? Kontaktiere uns gerne oder besuche unsere Trainingszeiten \u2013 wir freuen uns, dich im Dojo zu sehen!<\/p>\n\n\n\n<figure class=\"wp-block-image aligncenter size-large gtfy-2\"><img loading=\"lazy\" decoding=\"async\" width=\"1024\" height=\"768\" src=\"https:\/\/shinbukai.de\/wp-content\/uploads\/2025\/10\/WhatsApp-Image-2025-10-14-at-07.50.08-1024x768.jpeg\" alt=\"\" class=\"wp-image-282\" srcset=\"https:\/\/shinbukai.de\/wp-content\/uploads\/2025\/10\/WhatsApp-Image-2025-10-14-at-07.50.08-1024x768.jpeg 1024w, https:\/\/shinbukai.de\/wp-content\/uploads\/2025\/10\/WhatsApp-Image-2025-10-14-at-07.50.08-300x225.jpeg 300w, https:\/\/shinbukai.de\/wp-content\/uploads\/2025\/10\/WhatsApp-Image-2025-10-14-at-07.50.08-768x576.jpeg 768w, https:\/\/shinbukai.de\/wp-content\/uploads\/2025\/10\/WhatsApp-Image-2025-10-14-at-07.50.08-1536x1152.jpeg 1536w, https:\/\/shinbukai.de\/wp-content\/uploads\/2025\/10\/WhatsApp-Image-2025-10-14-at-07.50.08.jpeg 2048w\" sizes=\"auto, (max-width: 1024px) 100vw, 1024px\" \/><\/figure>\n<\/div>\n\n\n\n<figure class=\"wp-block-gallery has-nested-images columns-default is-cropped wp-block-gallery-8 is-layout-flex wp-block-gallery-is-layout-flex gtfy-9\">\n<figure class=\"wp-block-image size-full gtfy-4\"><img loading=\"lazy\" decoding=\"async\" width=\"2048\" height=\"1536\" data-id=\"283\" src=\"https:\/\/shinbukai.de\/wp-content\/uploads\/2025\/10\/WhatsApp-Image-2025-10-14-at-07.50.08-1.jpeg\" alt=\"\" class=\"wp-image-283\" srcset=\"https:\/\/shinbukai.de\/wp-content\/uploads\/2025\/10\/WhatsApp-Image-2025-10-14-at-07.50.08-1.jpeg 2048w, https:\/\/shinbukai.de\/wp-content\/uploads\/2025\/10\/WhatsApp-Image-2025-10-14-at-07.50.08-1-300x225.jpeg 300w, https:\/\/shinbukai.de\/wp-content\/uploads\/2025\/10\/WhatsApp-Image-2025-10-14-at-07.50.08-1-1024x768.jpeg 1024w, https:\/\/shinbukai.de\/wp-content\/uploads\/2025\/10\/WhatsApp-Image-2025-10-14-at-07.50.08-1-768x576.jpeg 768w, https:\/\/shinbukai.de\/wp-content\/uploads\/2025\/10\/WhatsApp-Image-2025-10-14-at-07.50.08-1-1536x1152.jpeg 1536w\" sizes=\"auto, (max-width: 2048px) 100vw, 2048px\" \/><\/figure>\n\n\n\n<figure class=\"wp-block-image size-full gtfy-5\"><img loading=\"lazy\" decoding=\"async\" width=\"1536\" height=\"2048\" data-id=\"284\" src=\"https:\/\/shinbukai.de\/wp-content\/uploads\/2025\/10\/WhatsApp-Image-2025-10-14-at-07.50.09.jpeg\" alt=\"\" class=\"wp-image-284\" srcset=\"https:\/\/shinbukai.de\/wp-content\/uploads\/2025\/10\/WhatsApp-Image-2025-10-14-at-07.50.09.jpeg 1536w, https:\/\/shinbukai.de\/wp-content\/uploads\/2025\/10\/WhatsApp-Image-2025-10-14-at-07.50.09-225x300.jpeg 225w, https:\/\/shinbukai.de\/wp-content\/uploads\/2025\/10\/WhatsApp-Image-2025-10-14-at-07.50.09-768x1024.jpeg 768w, https:\/\/shinbukai.de\/wp-content\/uploads\/2025\/10\/WhatsApp-Image-2025-10-14-at-07.50.09-1152x1536.jpeg 1152w\" sizes=\"auto, (max-width: 1536px) 100vw, 1536px\" \/><\/figure>\n\n\n\n<figure class=\"wp-block-image size-full gtfy-6\"><img loading=\"lazy\" decoding=\"async\" width=\"1600\" height=\"1000\" data-id=\"285\" src=\"https:\/\/shinbukai.de\/wp-content\/uploads\/2025\/10\/6ae7082addc907egf2935e8cd713cc10.jpg\" alt=\"\" class=\"wp-image-285\" srcset=\"https:\/\/shinbukai.de\/wp-content\/uploads\/2025\/10\/6ae7082addc907egf2935e8cd713cc10.jpg 1600w, https:\/\/shinbukai.de\/wp-content\/uploads\/2025\/10\/6ae7082addc907egf2935e8cd713cc10-300x188.jpg 300w, https:\/\/shinbukai.de\/wp-content\/uploads\/2025\/10\/6ae7082addc907egf2935e8cd713cc10-1024x640.jpg 1024w, https:\/\/shinbukai.de\/wp-content\/uploads\/2025\/10\/6ae7082addc907egf2935e8cd713cc10-768x480.jpg 768w, https:\/\/shinbukai.de\/wp-content\/uploads\/2025\/10\/6ae7082addc907egf2935e8cd713cc10-1536x960.jpg 1536w\" sizes=\"auto, (max-width: 1600px) 100vw, 1600px\" \/><\/figure>\n\n\n\n<figure class=\"wp-block-image size-full gtfy-7\"><img loading=\"lazy\" decoding=\"async\" width=\"1600\" height=\"1000\" data-id=\"286\" src=\"https:\/\/shinbukai.de\/wp-content\/uploads\/2025\/10\/7ad78e37aca2e37g6dc8c96e34908905.jpg\" alt=\"\" class=\"wp-image-286\" srcset=\"https:\/\/shinbukai.de\/wp-content\/uploads\/2025\/10\/7ad78e37aca2e37g6dc8c96e34908905.jpg 1600w, https:\/\/shinbukai.de\/wp-content\/uploads\/2025\/10\/7ad78e37aca2e37g6dc8c96e34908905-300x188.jpg 300w, https:\/\/shinbukai.de\/wp-content\/uploads\/2025\/10\/7ad78e37aca2e37g6dc8c96e34908905-1024x640.jpg 1024w, https:\/\/shinbukai.de\/wp-content\/uploads\/2025\/10\/7ad78e37aca2e37g6dc8c96e34908905-768x480.jpg 768w, https:\/\/shinbukai.de\/wp-content\/uploads\/2025\/10\/7ad78e37aca2e37g6dc8c96e34908905-1536x960.jpg 1536w\" sizes=\"auto, (max-width: 1600px) 100vw, 1600px\" \/><\/figure>\n<\/figure>\n<\/div>\n","protected":false},"excerpt":{"rendered":"<p>Am 27. September 2025 sicherten sich Kai Ringwald den Deutschen Meistertitel und Sebastian M\u00f6hringer einen [&hellip;]<\/p>\n","protected":false},"author":1,"featured_media":0,"parent":0,"menu_order":0,"comment_status":"closed","ping_status":"closed","template":"","meta":{"footnotes":""},"class_list":["post-281","page","type-page","status-publish","hentry"],"yoast_head":"<!-- This site is optimized with the Yoast SEO plugin v27.3 - https:\/\/yoast.com\/product\/yoast-seo-wordpress\/ -->\n<title>Deutsche Meisterschaft \u2013 \u00dc30 Kata - Shinbukai Karate<\/title>\n<meta name=\"robots\" content=\"index, follow, max-snippet:-1, max-image-preview:large, max-video-preview:-1\" \/>\n<link rel=\"canonical\" href=\"https:\/\/shinbukai.de\/?page_id=281\" \/>\n<meta property=\"og:locale\" content=\"de_DE\" \/>\n<meta property=\"og:type\" content=\"article\" \/>\n<meta property=\"og:title\" content=\"Deutsche Meisterschaft \u2013 \u00dc30 Kata - Shinbukai Karate\" \/>\n<meta property=\"og:description\" content=\"Am 27. September 2025 sicherten sich Kai Ringwald den Deutschen Meistertitel und Sebastian M\u00f6hringer einen [&hellip;]\" \/>\n<meta property=\"og:url\" content=\"https:\/\/shinbukai.de\/?page_id=281\" \/>\n<meta property=\"og:site_name\" content=\"Shinbukai Karate\" \/>\n<meta property=\"article:modified_time\" content=\"2025-10-26T21:48:25+00:00\" \/>\n<meta property=\"og:image\" content=\"https:\/\/shinbukai.de\/wp-content\/uploads\/2025\/10\/WhatsApp-Image-2025-10-14-at-07.50.08.jpeg\" \/>\n\t<meta property=\"og:image:width\" content=\"2048\" \/>\n\t<meta property=\"og:image:height\" content=\"1536\" \/>\n\t<meta property=\"og:image:type\" content=\"image\/jpeg\" \/>\n<meta name=\"twitter:card\" content=\"summary_large_image\" \/>\n<meta name=\"twitter:label1\" content=\"Gesch\u00e4tzte Lesezeit\" \/>\n\t<meta name=\"twitter:data1\" content=\"2\u00a0Minuten\" \/>\n<script type=\"application\/ld+json\" class=\"yoast-schema-graph\">{\"@context\":\"https:\\\/\\\/schema.org\",\"@graph\":[{\"@type\":\"WebPage\",\"@id\":\"https:\\\/\\\/shinbukai.de\\\/?page_id=281\",\"url\":\"https:\\\/\\\/shinbukai.de\\\/?page_id=281\",\"name\":\"Deutsche Meisterschaft \u2013 \u00dc30 Kata - Shinbukai Karate\",\"isPartOf\":{\"@id\":\"https:\\\/\\\/shinbukai.de\\\/#website\"},\"primaryImageOfPage\":{\"@id\":\"https:\\\/\\\/shinbukai.de\\\/?page_id=281#primaryimage\"},\"image\":{\"@id\":\"https:\\\/\\\/shinbukai.de\\\/?page_id=281#primaryimage\"},\"thumbnailUrl\":\"https:\\\/\\\/shinbukai.de\\\/wp-content\\\/uploads\\\/2025\\\/10\\\/WhatsApp-Image-2025-10-14-at-07.50.08-1024x768.jpeg\",\"datePublished\":\"2025-10-26T21:48:09+00:00\",\"dateModified\":\"2025-10-26T21:48:25+00:00\",\"breadcrumb\":{\"@id\":\"https:\\\/\\\/shinbukai.de\\\/?page_id=281#breadcrumb\"},\"inLanguage\":\"de\",\"potentialAction\":[{\"@type\":\"ReadAction\",\"target\":[\"https:\\\/\\\/shinbukai.de\\\/?page_id=281\"]}]},{\"@type\":\"ImageObject\",\"inLanguage\":\"de\",\"@id\":\"https:\\\/\\\/shinbukai.de\\\/?page_id=281#primaryimage\",\"url\":\"https:\\\/\\\/shinbukai.de\\\/wp-content\\\/uploads\\\/2025\\\/10\\\/WhatsApp-Image-2025-10-14-at-07.50.08.jpeg\",\"contentUrl\":\"https:\\\/\\\/shinbukai.de\\\/wp-content\\\/uploads\\\/2025\\\/10\\\/WhatsApp-Image-2025-10-14-at-07.50.08.jpeg\",\"width\":2048,\"height\":1536},{\"@type\":\"BreadcrumbList\",\"@id\":\"https:\\\/\\\/shinbukai.de\\\/?page_id=281#breadcrumb\",\"itemListElement\":[{\"@type\":\"ListItem\",\"position\":1,\"name\":\"Startseite\",\"item\":\"https:\\\/\\\/shinbukai.de\\\/\"},{\"@type\":\"ListItem\",\"position\":2,\"name\":\"Deutsche Meisterschaft \u2013 \u00dc30 Kata\"}]},{\"@type\":\"WebSite\",\"@id\":\"https:\\\/\\\/shinbukai.de\\\/#website\",\"url\":\"https:\\\/\\\/shinbukai.de\\\/\",\"name\":\"Shinbukai Karate\",\"description\":\"\",\"potentialAction\":[{\"@type\":\"SearchAction\",\"target\":{\"@type\":\"EntryPoint\",\"urlTemplate\":\"https:\\\/\\\/shinbukai.de\\\/?s={search_term_string}\"},\"query-input\":{\"@type\":\"PropertyValueSpecification\",\"valueRequired\":true,\"valueName\":\"search_term_string\"}}],\"inLanguage\":\"de\"}]}<\/script>\n<!-- \/ Yoast SEO plugin. -->","yoast_head_json":{"title":"Deutsche Meisterschaft \u2013 \u00dc30 Kata - Shinbukai Karate","robots":{"index":"index","follow":"follow","max-snippet":"max-snippet:-1","max-image-preview":"max-image-preview:large","max-video-preview":"max-video-preview:-1"},"canonical":"https:\/\/shinbukai.de\/?page_id=281","og_locale":"de_DE","og_type":"article","og_title":"Deutsche Meisterschaft \u2013 \u00dc30 Kata - Shinbukai Karate","og_description":"Am 27. September 2025 sicherten sich Kai Ringwald den Deutschen Meistertitel und Sebastian M\u00f6hringer einen [&hellip;]","og_url":"https:\/\/shinbukai.de\/?page_id=281","og_site_name":"Shinbukai Karate","article_modified_time":"2025-10-26T21:48:25+00:00","og_image":[{"width":2048,"height":1536,"url":"https:\/\/shinbukai.de\/wp-content\/uploads\/2025\/10\/WhatsApp-Image-2025-10-14-at-07.50.08.jpeg","type":"image\/jpeg"}],"twitter_card":"summary_large_image","twitter_misc":{"Gesch\u00e4tzte Lesezeit":"2\u00a0Minuten"},"schema":{"@context":"https:\/\/schema.org","@graph":[{"@type":"WebPage","@id":"https:\/\/shinbukai.de\/?page_id=281","url":"https:\/\/shinbukai.de\/?page_id=281","name":"Deutsche Meisterschaft \u2013 \u00dc30 Kata - Shinbukai Karate","isPartOf":{"@id":"https:\/\/shinbukai.de\/#website"},"primaryImageOfPage":{"@id":"https:\/\/shinbukai.de\/?page_id=281#primaryimage"},"image":{"@id":"https:\/\/shinbukai.de\/?page_id=281#primaryimage"},"thumbnailUrl":"https:\/\/shinbukai.de\/wp-content\/uploads\/2025\/10\/WhatsApp-Image-2025-10-14-at-07.50.08-1024x768.jpeg","datePublished":"2025-10-26T21:48:09+00:00","dateModified":"2025-10-26T21:48:25+00:00","breadcrumb":{"@id":"https:\/\/shinbukai.de\/?page_id=281#breadcrumb"},"inLanguage":"de","potentialAction":[{"@type":"ReadAction","target":["https:\/\/shinbukai.de\/?page_id=281"]}]},{"@type":"ImageObject","inLanguage":"de","@id":"https:\/\/shinbukai.de\/?page_id=281#primaryimage","url":"https:\/\/shinbukai.de\/wp-content\/uploads\/2025\/10\/WhatsApp-Image-2025-10-14-at-07.50.08.jpeg","contentUrl":"https:\/\/shinbukai.de\/wp-content\/uploads\/2025\/10\/WhatsApp-Image-2025-10-14-at-07.50.08.jpeg","width":2048,"height":1536},{"@type":"BreadcrumbList","@id":"https:\/\/shinbukai.de\/?page_id=281#breadcrumb","itemListElement":[{"@type":"ListItem","position":1,"name":"Startseite","item":"https:\/\/shinbukai.de\/"},{"@type":"ListItem","position":2,"name":"Deutsche Meisterschaft \u2013 \u00dc30 Kata"}]},{"@type":"WebSite","@id":"https:\/\/shinbukai.de\/#website","url":"https:\/\/shinbukai.de\/","name":"Shinbukai Karate","description":"","potentialAction":[{"@type":"SearchAction","target":{"@type":"EntryPoint","urlTemplate":"https:\/\/shinbukai.de\/?s={search_term_string}"},"query-input":{"@type":"PropertyValueSpecification","valueRequired":true,"valueName":"search_term_string"}}],"inLanguage":"de"}]}},"_links":{"self":[{"href":"https:\/\/shinbukai.de\/index.php?rest_route=\/wp\/v2\/pages\/281","targetHints":{"allow":["GET"]}}],"collection":[{"href":"https:\/\/shinbukai.de\/index.php?rest_route=\/wp\/v2\/pages"}],"about":[{"href":"https:\/\/shinbukai.de\/index.php?rest_route=\/wp\/v2\/types\/page"}],"author":[{"embeddable":true,"href":"https:\/\/shinbukai.de\/index.php?rest_route=\/wp\/v2\/users\/1"}],"replies":[{"embeddable":true,"href":"https:\/\/shinbukai.de\/index.php?rest_route=%2Fwp%2Fv2%2Fcomments&post=281"}],"version-history":[{"count":2,"href":"https:\/\/shinbukai.de\/index.php?rest_route=\/wp\/v2\/pages\/281\/revisions"}],"predecessor-version":[{"id":288,"href":"https:\/\/shinbukai.de\/index.php?rest_route=\/wp\/v2\/pages\/281\/revisions\/288"}],"wp:attachment":[{"href":"https:\/\/shinbukai.de\/index.php?rest_route=%2Fwp%2Fv2%2Fmedia&parent=281"}],"curies":[{"name":"wp","href":"https:\/\/api.w.org\/{rel}","templated":true}]}}