{"id":94,"date":"2025-02-14T00:56:02","date_gmt":"2025-02-13T23:56:02","guid":{"rendered":"https:\/\/shinbukai.getsweb.de\/?page_id=94"},"modified":"2025-05-11T01:37:08","modified_gmt":"2025-05-10T23:37:08","slug":"10-jaehriges-jubilaeum","status":"publish","type":"page","link":"https:\/\/shinbukai.de\/?page_id=94","title":{"rendered":"10 j\u00e4hriges Jubil\u00e4um"},"content":{"rendered":"\n<div class=\"wp-block-group is-layout-constrained wp-container-core-group-is-layout-ff778368 wp-block-group-is-layout-constrained gtfy-20\" style=\"padding-right:var(--wp--preset--spacing--30);padding-left:var(--wp--preset--spacing--30)\">\n<div class=\"wp-block-group is-layout-constrained wp-block-group-is-layout-constrained gtfy-8\">\n<p class=\"gtfy-1\">Anl\u00e4sslich des 10 j\u00e4hrigen Jubil\u00e4ums der Shinbukai Karate Schule besuchte der mehrfache Kata- und Kumite- Weltmeister Shinichi Hasegawa die sch\u00f6ne Barockstadt Ettenheim.<br>Dank der guten Kontakte nach Japan, war es Sensei Joachim Wursthorn gelungen seinen Lehrer, der ihn 7 Jahre in Japan trainiert hatte, f\u00fcr einen Jubil\u00e4umslehrgang in Ettenheim zu gewinnen.<br>Shinichi Hasegawa reiste nicht alleine an, sondern brachte seine ganze Familie mit, die nat\u00fcrlich alle ganz in Karate eingebunden sind. Seine Frau Yumi Hasegawa, selbst Inhaberin des 6. Dan und seine Tochter Mai mit 13 Jahren schon im Besitz des 1. Dan, unterst\u00fctzten ihn w\u00e4hrend des Lehrgangs.<\/p>\n\n\n\n<p class=\"gtfy-2\">Der Morgen stand ganz im Zeichen des Kata- Trainings. F\u00fcr die J\u00fcngsten hatte Sensei Hasegawa die Kata Matsumura no Rohai ausgew\u00e4hlt. Diese Kata bedeutet \u201eBild des Kranich\u201c und stammt urspr\u00fcnglich aus China. Ein besonderes Kennzeichen ist hier der Stand auf einem Bein, der an einen Kranich erinnert.<br>In der zweiten Kata-Einheit zeigte Shinichi Hasegawa die Kata Nipaipo. Diese Kata ist durch ihre st\u00e4ndigen Richtungswechsel und die komplexe Bunkai, die viele Griffe und Schl\u00e4ge gegen Vitalpunkte beinhaltet, ausgesprochen anspruchsvoll.<\/p>\n\n\n\n<p class=\"gtfy-3\">Als kr\u00f6nenden Abschluss des Kata-Morgens konnten die Teilnehmer die Kata Anan kennen lernen. Sie hat, wie die beiden anderen Katas, ebenfalls chinesische Wurzeln, und beeindruckt, wenn sie von einem Weltmeister ausgef\u00fchrt wird, vor allem durch den Wechsel zwischen weichen und kraftvollen Techniken.<\/p>\n\n\n\n<p class=\"gtfy-4\">Der Nachmittag geh\u00f6rte ganz dem Kumite. Die J\u00fcngsten lernten in spielerischer Form Zweierkombinationen. Dabei legte Sensei Hasegawa gro\u00dfen Wert auf die Verbesserung der Beinarbeit. Dies erreichte er durch den Einsatz vielf\u00e4ltiger Spiel- und \u00dcbungsformen.<br>Thema der Mittelstufe war der richtige K\u00f6rpereinsatz bei runden Techniken, wie zum Beispiel Mawashigeri oder Uraken uchi. Nach kurzer Demonstration wurde hier ebenso wie bei den Kindern viel mit Partner ge\u00fcbt. Die \u00dcbungsphasen unterbrach Sensei Hasegawa f\u00fcr weitere Erl\u00e4uterungen und die Demonstration guter Beispiele.<\/p>\n\n\n\n<p class=\"gtfy-5\">Zum Abschluss lag der Schwerpunkt auf der Schulung der Taktik des K\u00e4mpfens. Shinichi Hasegawa demonstrierte eindrucksvoll, wie man auf vielf\u00e4ltige Weise die Distanz zum Gegner \u00fcberbr\u00fcckt, ohne dass dieser etwas davon bemerkt.<\/p>\n\n\n\n<p class=\"gtfy-6\">Beeindruckend an diesem Lehrgang war auch die Art des Umgangs mit den Karateka. Shinichi Hasegawa gelang es eine fr\u00f6hliche und aufgeschlossene Atmosph\u00e4re zu schaffen, die es erm\u00f6glichte bis zur letzten Minute mit Begeisterung jede Bewegung und jedes Wort des Sensei aufzunehmen.<br>Obwohl sie kein Deutsch und nur sehr wenig Englisch konnten, waren Shinichi Hasegawa und seine Familie in jeder freien Minute zu einem Gespr\u00e4ch bereit und erf\u00fcllten auch gern s\u00e4mtliche Autogramm- und Fotow\u00fcnsche der Karateka.<\/p>\n\n\n\n<p class=\"gtfy-7\">Diese Aufgeschlossenheit zeigte sich auch am Sonntag, als Shinichi Hasegawa sowie seine Frau Yumi und seine Tochter Mai sofort bereit waren an den Vorf\u00fchrungen der Shinbukai Karate Schule zur Feier des Jubil\u00e4ums mitzuwirken. Alles in allem war es ein beeindruckender Besuch, der sicher bei allen Teilnehmern noch lange nachwirken wird und auch jede Anstrengung wert war.<\/p>\n<\/div>\n\n\n\n<figure class=\"wp-block-gallery has-nested-images columns-default is-cropped wp-block-gallery-18 is-layout-flex wp-block-gallery-is-layout-flex gtfy-19\">\n<figure class=\"wp-block-image size-large gtfy-9\"><img loading=\"lazy\" decoding=\"async\" width=\"1024\" height=\"576\" data-id=\"134\" src=\"https:\/\/shinbukai.getsweb.de\/wp-content\/uploads\/2025\/02\/7-1024x576.jpg\" alt=\"\" class=\"wp-image-134\" srcset=\"https:\/\/shinbukai.de\/wp-content\/uploads\/2025\/02\/7-1024x576.jpg 1024w, https:\/\/shinbukai.de\/wp-content\/uploads\/2025\/02\/7-300x169.jpg 300w, https:\/\/shinbukai.de\/wp-content\/uploads\/2025\/02\/7-768x432.jpg 768w, https:\/\/shinbukai.de\/wp-content\/uploads\/2025\/02\/7-1536x864.jpg 1536w, https:\/\/shinbukai.de\/wp-content\/uploads\/2025\/02\/7.jpg 1920w\" sizes=\"auto, (max-width: 1024px) 100vw, 1024px\" \/><\/figure>\n\n\n\n<figure class=\"wp-block-image size-large gtfy-10\"><img loading=\"lazy\" decoding=\"async\" width=\"1920\" height=\"1080\" data-id=\"136\" src=\"https:\/\/shinbukai.getsweb.de\/wp-content\/uploads\/2025\/02\/6-1024x576.jpg\" alt=\"\" class=\"wp-image-136\" srcset=\"https:\/\/shinbukai.de\/wp-content\/uploads\/2025\/02\/6-1024x576.jpg 1024w, https:\/\/shinbukai.de\/wp-content\/uploads\/2025\/02\/6-300x169.jpg 300w, https:\/\/shinbukai.de\/wp-content\/uploads\/2025\/02\/6-768x432.jpg 768w, https:\/\/shinbukai.de\/wp-content\/uploads\/2025\/02\/6-1536x864.jpg 1536w, https:\/\/shinbukai.de\/wp-content\/uploads\/2025\/02\/6.jpg 1920w\" sizes=\"auto, (max-width: 1920px) 100vw, 1920px\" \/><\/figure>\n\n\n\n<figure class=\"wp-block-image size-large gtfy-11\"><img loading=\"lazy\" decoding=\"async\" width=\"1024\" height=\"576\" data-id=\"137\" src=\"https:\/\/shinbukai.getsweb.de\/wp-content\/uploads\/2025\/02\/5-1024x576.jpg\" alt=\"\" class=\"wp-image-137\" srcset=\"https:\/\/shinbukai.de\/wp-content\/uploads\/2025\/02\/5-1024x576.jpg 1024w, https:\/\/shinbukai.de\/wp-content\/uploads\/2025\/02\/5-300x169.jpg 300w, https:\/\/shinbukai.de\/wp-content\/uploads\/2025\/02\/5-768x432.jpg 768w, https:\/\/shinbukai.de\/wp-content\/uploads\/2025\/02\/5-1536x864.jpg 1536w, https:\/\/shinbukai.de\/wp-content\/uploads\/2025\/02\/5.jpg 1920w\" sizes=\"auto, (max-width: 1024px) 100vw, 1024px\" \/><\/figure>\n\n\n\n<figure class=\"wp-block-image size-large gtfy-12\"><img loading=\"lazy\" decoding=\"async\" width=\"1024\" height=\"576\" data-id=\"135\" src=\"https:\/\/shinbukai.getsweb.de\/wp-content\/uploads\/2025\/02\/4-1024x576.jpg\" alt=\"\" class=\"wp-image-135\" srcset=\"https:\/\/shinbukai.de\/wp-content\/uploads\/2025\/02\/4-1024x576.jpg 1024w, https:\/\/shinbukai.de\/wp-content\/uploads\/2025\/02\/4-300x169.jpg 300w, https:\/\/shinbukai.de\/wp-content\/uploads\/2025\/02\/4-768x432.jpg 768w, https:\/\/shinbukai.de\/wp-content\/uploads\/2025\/02\/4-1536x864.jpg 1536w, https:\/\/shinbukai.de\/wp-content\/uploads\/2025\/02\/4.jpg 1920w\" sizes=\"auto, (max-width: 1024px) 100vw, 1024px\" \/><\/figure>\n\n\n\n<figure class=\"wp-block-image size-large gtfy-13\"><img loading=\"lazy\" decoding=\"async\" width=\"1024\" height=\"576\" data-id=\"140\" src=\"https:\/\/shinbukai.getsweb.de\/wp-content\/uploads\/2025\/02\/3-1024x576.jpg\" alt=\"\" class=\"wp-image-140\" srcset=\"https:\/\/shinbukai.de\/wp-content\/uploads\/2025\/02\/3-1024x576.jpg 1024w, https:\/\/shinbukai.de\/wp-content\/uploads\/2025\/02\/3-300x169.jpg 300w, https:\/\/shinbukai.de\/wp-content\/uploads\/2025\/02\/3-768x432.jpg 768w, https:\/\/shinbukai.de\/wp-content\/uploads\/2025\/02\/3-1536x864.jpg 1536w, https:\/\/shinbukai.de\/wp-content\/uploads\/2025\/02\/3.jpg 1920w\" sizes=\"auto, (max-width: 1024px) 100vw, 1024px\" \/><\/figure>\n\n\n\n<figure class=\"wp-block-image size-large gtfy-14\"><img loading=\"lazy\" decoding=\"async\" width=\"1024\" height=\"576\" data-id=\"142\" src=\"https:\/\/shinbukai.getsweb.de\/wp-content\/uploads\/2025\/02\/2-1024x576.jpg\" alt=\"\" class=\"wp-image-142\" srcset=\"https:\/\/shinbukai.de\/wp-content\/uploads\/2025\/02\/2-1024x576.jpg 1024w, https:\/\/shinbukai.de\/wp-content\/uploads\/2025\/02\/2-300x169.jpg 300w, https:\/\/shinbukai.de\/wp-content\/uploads\/2025\/02\/2-768x432.jpg 768w, https:\/\/shinbukai.de\/wp-content\/uploads\/2025\/02\/2-1536x864.jpg 1536w, https:\/\/shinbukai.de\/wp-content\/uploads\/2025\/02\/2.jpg 1920w\" sizes=\"auto, (max-width: 1024px) 100vw, 1024px\" \/><\/figure>\n\n\n\n<figure class=\"wp-block-image size-large gtfy-15\"><img loading=\"lazy\" decoding=\"async\" width=\"1024\" height=\"576\" data-id=\"138\" src=\"https:\/\/shinbukai.getsweb.de\/wp-content\/uploads\/2025\/02\/1-1024x576.jpg\" alt=\"\" class=\"wp-image-138\" srcset=\"https:\/\/shinbukai.de\/wp-content\/uploads\/2025\/02\/1-1024x576.jpg 1024w, https:\/\/shinbukai.de\/wp-content\/uploads\/2025\/02\/1-300x169.jpg 300w, https:\/\/shinbukai.de\/wp-content\/uploads\/2025\/02\/1-768x432.jpg 768w, https:\/\/shinbukai.de\/wp-content\/uploads\/2025\/02\/1-1536x864.jpg 1536w, https:\/\/shinbukai.de\/wp-content\/uploads\/2025\/02\/1.jpg 1920w\" sizes=\"auto, (max-width: 1024px) 100vw, 1024px\" \/><\/figure>\n\n\n\n<figure class=\"wp-block-image size-large gtfy-16\"><img loading=\"lazy\" decoding=\"async\" width=\"661\" height=\"1024\" data-id=\"139\" src=\"https:\/\/shinbukai.getsweb.de\/wp-content\/uploads\/2025\/02\/Zeitung-10-Jaehriges-2-661x1024.jpg\" alt=\"\" class=\"wp-image-139\" srcset=\"https:\/\/shinbukai.de\/wp-content\/uploads\/2025\/02\/Zeitung-10-Jaehriges-2-661x1024.jpg 661w, https:\/\/shinbukai.de\/wp-content\/uploads\/2025\/02\/Zeitung-10-Jaehriges-2-194x300.jpg 194w, https:\/\/shinbukai.de\/wp-content\/uploads\/2025\/02\/Zeitung-10-Jaehriges-2-768x1190.jpg 768w, https:\/\/shinbukai.de\/wp-content\/uploads\/2025\/02\/Zeitung-10-Jaehriges-2-991x1536.jpg 991w, https:\/\/shinbukai.de\/wp-content\/uploads\/2025\/02\/Zeitung-10-Jaehriges-2.jpg 1075w\" sizes=\"auto, (max-width: 661px) 100vw, 661px\" \/><\/figure>\n\n\n\n<figure class=\"wp-block-image size-large gtfy-17\"><img loading=\"lazy\" decoding=\"async\" width=\"810\" height=\"1024\" data-id=\"141\" src=\"https:\/\/shinbukai.getsweb.de\/wp-content\/uploads\/2025\/02\/Zeitung-10-Jaehriges-1-810x1024.jpg\" alt=\"\" class=\"wp-image-141\" srcset=\"https:\/\/shinbukai.de\/wp-content\/uploads\/2025\/02\/Zeitung-10-Jaehriges-1-810x1024.jpg 810w, https:\/\/shinbukai.de\/wp-content\/uploads\/2025\/02\/Zeitung-10-Jaehriges-1-237x300.jpg 237w, https:\/\/shinbukai.de\/wp-content\/uploads\/2025\/02\/Zeitung-10-Jaehriges-1-768x971.jpg 768w, https:\/\/shinbukai.de\/wp-content\/uploads\/2025\/02\/Zeitung-10-Jaehriges-1.jpg 1175w\" sizes=\"auto, (max-width: 810px) 100vw, 810px\" \/><\/figure>\n<\/figure>\n<\/div>\n","protected":false},"excerpt":{"rendered":"<p>Anl\u00e4sslich des 10 j\u00e4hrigen Jubil\u00e4ums der Shinbukai Karate Schule besuchte der mehrfache Kata- und Kumite- [&hellip;]<\/p>\n","protected":false},"author":1,"featured_media":0,"parent":0,"menu_order":0,"comment_status":"closed","ping_status":"closed","template":"","meta":{"footnotes":""},"class_list":["post-94","page","type-page","status-publish","hentry"],"yoast_head":"<!-- This site is optimized with the Yoast SEO plugin v27.3 - https:\/\/yoast.com\/product\/yoast-seo-wordpress\/ -->\n<title>10 j\u00e4hriges Jubil\u00e4um - Shinbukai Karate<\/title>\n<meta name=\"robots\" content=\"index, follow, max-snippet:-1, max-image-preview:large, max-video-preview:-1\" \/>\n<link rel=\"canonical\" href=\"https:\/\/shinbukai.de\/?page_id=94\" \/>\n<meta property=\"og:locale\" content=\"de_DE\" \/>\n<meta property=\"og:type\" content=\"article\" \/>\n<meta property=\"og:title\" content=\"10 j\u00e4hriges Jubil\u00e4um - Shinbukai Karate\" \/>\n<meta property=\"og:description\" content=\"Anl\u00e4sslich des 10 j\u00e4hrigen Jubil\u00e4ums der Shinbukai Karate Schule besuchte der mehrfache Kata- und Kumite- [&hellip;]\" \/>\n<meta property=\"og:url\" content=\"https:\/\/shinbukai.de\/?page_id=94\" \/>\n<meta property=\"og:site_name\" content=\"Shinbukai Karate\" \/>\n<meta property=\"article:modified_time\" content=\"2025-05-10T23:37:08+00:00\" \/>\n<meta property=\"og:image\" content=\"https:\/\/shinbukai.de\/wp-content\/uploads\/2025\/02\/7.jpg\" \/>\n\t<meta property=\"og:image:width\" content=\"1920\" \/>\n\t<meta property=\"og:image:height\" content=\"1080\" \/>\n\t<meta property=\"og:image:type\" content=\"image\/jpeg\" \/>\n<meta name=\"twitter:card\" content=\"summary_large_image\" \/>\n<meta name=\"twitter:label1\" content=\"Gesch\u00e4tzte Lesezeit\" \/>\n\t<meta name=\"twitter:data1\" content=\"5\u00a0Minuten\" \/>\n<script type=\"application\/ld+json\" class=\"yoast-schema-graph\">{\"@context\":\"https:\\\/\\\/schema.org\",\"@graph\":[{\"@type\":\"WebPage\",\"@id\":\"https:\\\/\\\/shinbukai.de\\\/?page_id=94\",\"url\":\"https:\\\/\\\/shinbukai.de\\\/?page_id=94\",\"name\":\"10 j\u00e4hriges Jubil\u00e4um - Shinbukai Karate\",\"isPartOf\":{\"@id\":\"https:\\\/\\\/shinbukai.de\\\/#website\"},\"primaryImageOfPage\":{\"@id\":\"https:\\\/\\\/shinbukai.de\\\/?page_id=94#primaryimage\"},\"image\":{\"@id\":\"https:\\\/\\\/shinbukai.de\\\/?page_id=94#primaryimage\"},\"thumbnailUrl\":\"https:\\\/\\\/shinbukai.getsweb.de\\\/wp-content\\\/uploads\\\/2025\\\/02\\\/7-1024x576.jpg\",\"datePublished\":\"2025-02-13T23:56:02+00:00\",\"dateModified\":\"2025-05-10T23:37:08+00:00\",\"breadcrumb\":{\"@id\":\"https:\\\/\\\/shinbukai.de\\\/?page_id=94#breadcrumb\"},\"inLanguage\":\"de\",\"potentialAction\":[{\"@type\":\"ReadAction\",\"target\":[\"https:\\\/\\\/shinbukai.de\\\/?page_id=94\"]}]},{\"@type\":\"ImageObject\",\"inLanguage\":\"de\",\"@id\":\"https:\\\/\\\/shinbukai.de\\\/?page_id=94#primaryimage\",\"url\":\"https:\\\/\\\/shinbukai.getsweb.de\\\/wp-content\\\/uploads\\\/2025\\\/02\\\/7-1024x576.jpg\",\"contentUrl\":\"https:\\\/\\\/shinbukai.getsweb.de\\\/wp-content\\\/uploads\\\/2025\\\/02\\\/7-1024x576.jpg\"},{\"@type\":\"BreadcrumbList\",\"@id\":\"https:\\\/\\\/shinbukai.de\\\/?page_id=94#breadcrumb\",\"itemListElement\":[{\"@type\":\"ListItem\",\"position\":1,\"name\":\"Startseite\",\"item\":\"https:\\\/\\\/shinbukai.de\\\/\"},{\"@type\":\"ListItem\",\"position\":2,\"name\":\"10 j\u00e4hriges Jubil\u00e4um\"}]},{\"@type\":\"WebSite\",\"@id\":\"https:\\\/\\\/shinbukai.de\\\/#website\",\"url\":\"https:\\\/\\\/shinbukai.de\\\/\",\"name\":\"Shinbukai Karate\",\"description\":\"\",\"potentialAction\":[{\"@type\":\"SearchAction\",\"target\":{\"@type\":\"EntryPoint\",\"urlTemplate\":\"https:\\\/\\\/shinbukai.de\\\/?s={search_term_string}\"},\"query-input\":{\"@type\":\"PropertyValueSpecification\",\"valueRequired\":true,\"valueName\":\"search_term_string\"}}],\"inLanguage\":\"de\"}]}<\/script>\n<!-- \/ Yoast SEO plugin. -->","yoast_head_json":{"title":"10 j\u00e4hriges Jubil\u00e4um - Shinbukai Karate","robots":{"index":"index","follow":"follow","max-snippet":"max-snippet:-1","max-image-preview":"max-image-preview:large","max-video-preview":"max-video-preview:-1"},"canonical":"https:\/\/shinbukai.de\/?page_id=94","og_locale":"de_DE","og_type":"article","og_title":"10 j\u00e4hriges Jubil\u00e4um - Shinbukai Karate","og_description":"Anl\u00e4sslich des 10 j\u00e4hrigen Jubil\u00e4ums der Shinbukai Karate Schule besuchte der mehrfache Kata- und Kumite- [&hellip;]","og_url":"https:\/\/shinbukai.de\/?page_id=94","og_site_name":"Shinbukai Karate","article_modified_time":"2025-05-10T23:37:08+00:00","og_image":[{"width":1920,"height":1080,"url":"https:\/\/shinbukai.de\/wp-content\/uploads\/2025\/02\/7.jpg","type":"image\/jpeg"}],"twitter_card":"summary_large_image","twitter_misc":{"Gesch\u00e4tzte Lesezeit":"5\u00a0Minuten"},"schema":{"@context":"https:\/\/schema.org","@graph":[{"@type":"WebPage","@id":"https:\/\/shinbukai.de\/?page_id=94","url":"https:\/\/shinbukai.de\/?page_id=94","name":"10 j\u00e4hriges Jubil\u00e4um - Shinbukai Karate","isPartOf":{"@id":"https:\/\/shinbukai.de\/#website"},"primaryImageOfPage":{"@id":"https:\/\/shinbukai.de\/?page_id=94#primaryimage"},"image":{"@id":"https:\/\/shinbukai.de\/?page_id=94#primaryimage"},"thumbnailUrl":"https:\/\/shinbukai.getsweb.de\/wp-content\/uploads\/2025\/02\/7-1024x576.jpg","datePublished":"2025-02-13T23:56:02+00:00","dateModified":"2025-05-10T23:37:08+00:00","breadcrumb":{"@id":"https:\/\/shinbukai.de\/?page_id=94#breadcrumb"},"inLanguage":"de","potentialAction":[{"@type":"ReadAction","target":["https:\/\/shinbukai.de\/?page_id=94"]}]},{"@type":"ImageObject","inLanguage":"de","@id":"https:\/\/shinbukai.de\/?page_id=94#primaryimage","url":"https:\/\/shinbukai.getsweb.de\/wp-content\/uploads\/2025\/02\/7-1024x576.jpg","contentUrl":"https:\/\/shinbukai.getsweb.de\/wp-content\/uploads\/2025\/02\/7-1024x576.jpg"},{"@type":"BreadcrumbList","@id":"https:\/\/shinbukai.de\/?page_id=94#breadcrumb","itemListElement":[{"@type":"ListItem","position":1,"name":"Startseite","item":"https:\/\/shinbukai.de\/"},{"@type":"ListItem","position":2,"name":"10 j\u00e4hriges Jubil\u00e4um"}]},{"@type":"WebSite","@id":"https:\/\/shinbukai.de\/#website","url":"https:\/\/shinbukai.de\/","name":"Shinbukai Karate","description":"","potentialAction":[{"@type":"SearchAction","target":{"@type":"EntryPoint","urlTemplate":"https:\/\/shinbukai.de\/?s={search_term_string}"},"query-input":{"@type":"PropertyValueSpecification","valueRequired":true,"valueName":"search_term_string"}}],"inLanguage":"de"}]}},"_links":{"self":[{"href":"https:\/\/shinbukai.de\/index.php?rest_route=\/wp\/v2\/pages\/94","targetHints":{"allow":["GET"]}}],"collection":[{"href":"https:\/\/shinbukai.de\/index.php?rest_route=\/wp\/v2\/pages"}],"about":[{"href":"https:\/\/shinbukai.de\/index.php?rest_route=\/wp\/v2\/types\/page"}],"author":[{"embeddable":true,"href":"https:\/\/shinbukai.de\/index.php?rest_route=\/wp\/v2\/users\/1"}],"replies":[{"embeddable":true,"href":"https:\/\/shinbukai.de\/index.php?rest_route=%2Fwp%2Fv2%2Fcomments&post=94"}],"version-history":[{"count":3,"href":"https:\/\/shinbukai.de\/index.php?rest_route=\/wp\/v2\/pages\/94\/revisions"}],"predecessor-version":[{"id":258,"href":"https:\/\/shinbukai.de\/index.php?rest_route=\/wp\/v2\/pages\/94\/revisions\/258"}],"wp:attachment":[{"href":"https:\/\/shinbukai.de\/index.php?rest_route=%2Fwp%2Fv2%2Fmedia&parent=94"}],"curies":[{"name":"wp","href":"https:\/\/api.w.org\/{rel}","templated":true}]}}