{"id":96,"date":"2025-02-14T00:56:13","date_gmt":"2025-02-13T23:56:13","guid":{"rendered":"https:\/\/shinbukai.getsweb.de\/?page_id=96"},"modified":"2025-05-11T01:37:28","modified_gmt":"2025-05-10T23:37:28","slug":"20-jaehriges-jubilaeum","status":"publish","type":"page","link":"https:\/\/shinbukai.de\/?page_id=96","title":{"rendered":"20 j\u00e4hriges Jubil\u00e4um"},"content":{"rendered":"\n<div class=\"wp-block-group is-layout-constrained wp-container-core-group-is-layout-ff778368 wp-block-group-is-layout-constrained gtfy-28\" style=\"padding-right:var(--wp--preset--spacing--30);padding-left:var(--wp--preset--spacing--30)\">\n<div class=\"wp-block-group is-layout-constrained wp-block-group-is-layout-constrained gtfy-13\">\n<p class=\"gtfy-1\">Seit 1998 unterrichtet Sensei Joachim Wursthorn unter dem Namen <em>Shinbu-Kai<\/em> Karate, nachdem er es zuvor bei seiner Ausbildung in Japan erlernt und erfahren hat. Anfangs trainierte Joachim noch in Kappel im Mandala. Im Februar 2007 wurde dann das Japanhaus in Ettenheim er\u00f6ffnet, in dem seither die Trainings und Kurse stattfinden. Das Angebot ist weitreichend: von Karate (unbewaffnete Hand) und Kobudo (Waffenkunst), \u00fcber Selbstverteidigung (mit und ohne Alltagsgegenst\u00e4nde), bis hin zu Seminaren zu Meditation (Zazen) und der japanischen Teezeremonie. Alle getreu dem Motto: Shinbu-Kai Karate &#8211; Mehr als Sport.&nbsp;<\/p>\n\n\n\n<p class=\"gtfy-2\">2018 war es dann soweit. Die 20 war erreicht und das musste geb\u00fchrend gefeiert werden. F\u00fcr die Jubil\u00e4umsfeier am 14. Juli 2018 hatten wir ein abwechslungsreiches Programm zusammengestellt, von dem wir hier einige Eindr\u00fccke pr\u00e4sentieren wollen.&nbsp;<\/p>\n\n\n\n<p class=\"gtfy-3\">Begonnen hatte der Tag mit einer Attraktion f\u00fcr die Kleinen, bei denen die Kinder wie ein Samurai oder eine Geisha geschminkt wurden. F\u00fcr das leibliche Wohl sorgten die Turngemeinde Altdorf, sowie Fix Partyservice.<\/p>\n\n\n\n<figure class=\"wp-block-image aligncenter gtfy-4\"><a href=\"http:\/\/shinbukai.de\/wp-content\/uploads\/2019\/05\/kinder.jpg\"><img decoding=\"async\" src=\"http:\/\/shinbukai.de\/wp-content\/uploads\/2019\/05\/kinder-169x300.jpg\" alt=\"\" class=\"wp-image-279\"\/><\/a><\/figure>\n\n\n\n<p class=\"gtfy-5\">Weiterhin pr\u00e4sentierten wir zusammen mit Ulrich Haas, einem Teemeister, den traditionellen japanischen Teeweg (Chado). Unsere Besucher konnten hier an einer Teezeremonie teilnehmen.&nbsp;<\/p>\n\n\n\n<figure class=\"wp-block-image aligncenter gtfy-6\"><a href=\"http:\/\/shinbukai.de\/wp-content\/uploads\/2019\/05\/tee.jpg\"><img decoding=\"async\" src=\"http:\/\/shinbukai.de\/wp-content\/uploads\/2019\/05\/tee-300x169.jpg\" alt=\"\" class=\"wp-image-280\"\/><\/a><\/figure>\n\n\n\n<p class=\"gtfy-7\">Gegen Mittag begannen wir dann mit den Karatevorf\u00fchrungen, bei denen unsere Sch\u00fclerinnen und Sch\u00fcler zeigen konnten, was sie in der Zeit bei uns gelernt haben.&nbsp;<\/p>\n\n\n\n<p class=\"gtfy-8\">Ein besonderes Highlight hierbei war der Besuch des japanischen Meisters <em>Shigeki Uemura<\/em>, der uns ein \u00dcberraschungsprogramm pr\u00e4sentierte.&nbsp;<\/p>\n\n\n\n<figure class=\"wp-block-image aligncenter gtfy-9\"><a href=\"http:\/\/shinbukai.de\/wp-content\/uploads\/2019\/05\/vorfuehrung11.jpg\"><img decoding=\"async\" src=\"http:\/\/shinbukai.de\/wp-content\/uploads\/2019\/05\/vorfuehrung11-300x169.jpg\" alt=\"\" class=\"wp-image-281\"\/><\/a><\/figure>\n\n\n\n<p class=\"gtfy-10\">Im Zuge der Jubil\u00e4umsfeier fand au\u00dferdem ein Lehrgang mit dem Meister <em>Shigeki Uemura <\/em>(7. Dan) , dem Shihan <em>Athula Minithanthri <\/em>(7. Dan), sowie unseren Trainern Sensei Joachim Wursthorn (6. Dan) und Sensei Holder Obergf\u00f6ll (4. Dan) statt. Dieses fand am 15. Juli 2018 in der Herbert-K\u00f6nig-Sporthalle statt. Auch hier haben wir ein abwechslungsreiches und interessantes Programm zusammengestellt. Sensei <em>Shigeki Uemura <\/em>pr\u00e4sentierte den Erwachsenen, Jugendlichen und Kinder diverse Techniken (u.a. Kata Daiichidousa, Kata Suparinpai, Grundlagen Bojutsu, Superinpai, sowie Bo Kata). Shihan <em>Athula Minithanthri <\/em>begeisterte die Kinder mit Pratzentraining.&nbsp;<\/p>\n\n\n\n<figure class=\"wp-block-image aligncenter gtfy-11\"><a href=\"http:\/\/shinbukai.de\/wp-content\/uploads\/2019\/05\/lehrgang2.jpg\"><img decoding=\"async\" src=\"http:\/\/shinbukai.de\/wp-content\/uploads\/2019\/05\/lehrgang2-300x169.jpg\" alt=\"\" class=\"wp-image-282\"\/><\/a><\/figure>\n\n\n\n<figure class=\"wp-block-image aligncenter gtfy-12\"><a href=\"http:\/\/shinbukai.de\/wp-content\/uploads\/2019\/05\/lehrgang.jpg\"><img decoding=\"async\" src=\"http:\/\/shinbukai.de\/wp-content\/uploads\/2019\/05\/lehrgang-300x169.jpg\" alt=\"\" class=\"wp-image-283\"\/><\/a><\/figure>\n<\/div>\n\n\n\n<figure class=\"wp-block-gallery has-nested-images columns-default is-cropped wp-block-gallery-26 is-layout-flex wp-block-gallery-is-layout-flex gtfy-27\">\n<figure class=\"wp-block-image size-full gtfy-14\"><img loading=\"lazy\" decoding=\"async\" width=\"1920\" height=\"1080\" data-id=\"146\" src=\"https:\/\/shinbukai.getsweb.de\/wp-content\/uploads\/2025\/02\/vorfuehrung.jpg\" alt=\"\" class=\"wp-image-146\" srcset=\"https:\/\/shinbukai.de\/wp-content\/uploads\/2025\/02\/vorfuehrung.jpg 1920w, https:\/\/shinbukai.de\/wp-content\/uploads\/2025\/02\/vorfuehrung-300x169.jpg 300w, https:\/\/shinbukai.de\/wp-content\/uploads\/2025\/02\/vorfuehrung-1024x576.jpg 1024w, https:\/\/shinbukai.de\/wp-content\/uploads\/2025\/02\/vorfuehrung-768x432.jpg 768w, https:\/\/shinbukai.de\/wp-content\/uploads\/2025\/02\/vorfuehrung-1536x864.jpg 1536w\" sizes=\"auto, (max-width: 1920px) 100vw, 1920px\" \/><\/figure>\n\n\n\n<figure class=\"wp-block-image size-full gtfy-15\"><img loading=\"lazy\" decoding=\"async\" width=\"1920\" height=\"1080\" data-id=\"153\" src=\"https:\/\/shinbukai.getsweb.de\/wp-content\/uploads\/2025\/02\/11.jpg\" alt=\"\" class=\"wp-image-153\" srcset=\"https:\/\/shinbukai.de\/wp-content\/uploads\/2025\/02\/11.jpg 1920w, https:\/\/shinbukai.de\/wp-content\/uploads\/2025\/02\/11-300x169.jpg 300w, https:\/\/shinbukai.de\/wp-content\/uploads\/2025\/02\/11-1024x576.jpg 1024w, https:\/\/shinbukai.de\/wp-content\/uploads\/2025\/02\/11-768x432.jpg 768w, https:\/\/shinbukai.de\/wp-content\/uploads\/2025\/02\/11-1536x864.jpg 1536w\" sizes=\"auto, (max-width: 1920px) 100vw, 1920px\" \/><\/figure>\n\n\n\n<figure class=\"wp-block-image size-full gtfy-16\"><img loading=\"lazy\" decoding=\"async\" width=\"1920\" height=\"1080\" data-id=\"151\" src=\"https:\/\/shinbukai.getsweb.de\/wp-content\/uploads\/2025\/02\/vorfuehrung2.jpg\" alt=\"\" class=\"wp-image-151\" srcset=\"https:\/\/shinbukai.de\/wp-content\/uploads\/2025\/02\/vorfuehrung2.jpg 1920w, https:\/\/shinbukai.de\/wp-content\/uploads\/2025\/02\/vorfuehrung2-300x169.jpg 300w, https:\/\/shinbukai.de\/wp-content\/uploads\/2025\/02\/vorfuehrung2-1024x576.jpg 1024w, https:\/\/shinbukai.de\/wp-content\/uploads\/2025\/02\/vorfuehrung2-768x432.jpg 768w, https:\/\/shinbukai.de\/wp-content\/uploads\/2025\/02\/vorfuehrung2-1536x864.jpg 1536w\" sizes=\"auto, (max-width: 1920px) 100vw, 1920px\" \/><\/figure>\n\n\n\n<figure class=\"wp-block-image size-full gtfy-17\"><img loading=\"lazy\" decoding=\"async\" width=\"1920\" height=\"1080\" data-id=\"147\" src=\"https:\/\/shinbukai.getsweb.de\/wp-content\/uploads\/2025\/02\/vorfuehrung3.jpg\" alt=\"\" class=\"wp-image-147\" srcset=\"https:\/\/shinbukai.de\/wp-content\/uploads\/2025\/02\/vorfuehrung3.jpg 1920w, https:\/\/shinbukai.de\/wp-content\/uploads\/2025\/02\/vorfuehrung3-300x169.jpg 300w, https:\/\/shinbukai.de\/wp-content\/uploads\/2025\/02\/vorfuehrung3-1024x576.jpg 1024w, https:\/\/shinbukai.de\/wp-content\/uploads\/2025\/02\/vorfuehrung3-768x432.jpg 768w, https:\/\/shinbukai.de\/wp-content\/uploads\/2025\/02\/vorfuehrung3-1536x864.jpg 1536w\" sizes=\"auto, (max-width: 1920px) 100vw, 1920px\" \/><\/figure>\n\n\n\n<figure class=\"wp-block-image size-full gtfy-18\"><img loading=\"lazy\" decoding=\"async\" width=\"1920\" height=\"1080\" data-id=\"148\" src=\"https:\/\/shinbukai.getsweb.de\/wp-content\/uploads\/2025\/02\/21.jpg\" alt=\"\" class=\"wp-image-148\" srcset=\"https:\/\/shinbukai.de\/wp-content\/uploads\/2025\/02\/21.jpg 1920w, https:\/\/shinbukai.de\/wp-content\/uploads\/2025\/02\/21-300x169.jpg 300w, https:\/\/shinbukai.de\/wp-content\/uploads\/2025\/02\/21-1024x576.jpg 1024w, https:\/\/shinbukai.de\/wp-content\/uploads\/2025\/02\/21-768x432.jpg 768w, https:\/\/shinbukai.de\/wp-content\/uploads\/2025\/02\/21-1536x864.jpg 1536w\" sizes=\"auto, (max-width: 1920px) 100vw, 1920px\" \/><\/figure>\n\n\n\n<figure class=\"wp-block-image size-full gtfy-19\"><img loading=\"lazy\" decoding=\"async\" width=\"1920\" height=\"1080\" data-id=\"155\" src=\"https:\/\/shinbukai.getsweb.de\/wp-content\/uploads\/2025\/02\/vorfuehrung9.jpg\" alt=\"\" class=\"wp-image-155\" srcset=\"https:\/\/shinbukai.de\/wp-content\/uploads\/2025\/02\/vorfuehrung9.jpg 1920w, https:\/\/shinbukai.de\/wp-content\/uploads\/2025\/02\/vorfuehrung9-300x169.jpg 300w, https:\/\/shinbukai.de\/wp-content\/uploads\/2025\/02\/vorfuehrung9-1024x576.jpg 1024w, https:\/\/shinbukai.de\/wp-content\/uploads\/2025\/02\/vorfuehrung9-768x432.jpg 768w, https:\/\/shinbukai.de\/wp-content\/uploads\/2025\/02\/vorfuehrung9-1536x864.jpg 1536w\" sizes=\"auto, (max-width: 1920px) 100vw, 1920px\" \/><\/figure>\n\n\n\n<figure class=\"wp-block-image size-full gtfy-20\"><img loading=\"lazy\" decoding=\"async\" width=\"1920\" height=\"1080\" data-id=\"150\" src=\"https:\/\/shinbukai.getsweb.de\/wp-content\/uploads\/2025\/02\/vorfuehrung4.jpg\" alt=\"\" class=\"wp-image-150\" srcset=\"https:\/\/shinbukai.de\/wp-content\/uploads\/2025\/02\/vorfuehrung4.jpg 1920w, https:\/\/shinbukai.de\/wp-content\/uploads\/2025\/02\/vorfuehrung4-300x169.jpg 300w, https:\/\/shinbukai.de\/wp-content\/uploads\/2025\/02\/vorfuehrung4-1024x576.jpg 1024w, https:\/\/shinbukai.de\/wp-content\/uploads\/2025\/02\/vorfuehrung4-768x432.jpg 768w, https:\/\/shinbukai.de\/wp-content\/uploads\/2025\/02\/vorfuehrung4-1536x864.jpg 1536w\" sizes=\"auto, (max-width: 1920px) 100vw, 1920px\" \/><\/figure>\n\n\n\n<figure class=\"wp-block-image size-full gtfy-21\"><img loading=\"lazy\" decoding=\"async\" width=\"1920\" height=\"1080\" data-id=\"152\" src=\"https:\/\/shinbukai.getsweb.de\/wp-content\/uploads\/2025\/02\/vorfuehrung5.jpg\" alt=\"\" class=\"wp-image-152\" srcset=\"https:\/\/shinbukai.de\/wp-content\/uploads\/2025\/02\/vorfuehrung5.jpg 1920w, https:\/\/shinbukai.de\/wp-content\/uploads\/2025\/02\/vorfuehrung5-300x169.jpg 300w, https:\/\/shinbukai.de\/wp-content\/uploads\/2025\/02\/vorfuehrung5-1024x576.jpg 1024w, https:\/\/shinbukai.de\/wp-content\/uploads\/2025\/02\/vorfuehrung5-768x432.jpg 768w, https:\/\/shinbukai.de\/wp-content\/uploads\/2025\/02\/vorfuehrung5-1536x864.jpg 1536w\" sizes=\"auto, (max-width: 1920px) 100vw, 1920px\" \/><\/figure>\n\n\n\n<figure class=\"wp-block-image size-full gtfy-22\"><img loading=\"lazy\" decoding=\"async\" width=\"1920\" height=\"1080\" data-id=\"154\" src=\"https:\/\/shinbukai.getsweb.de\/wp-content\/uploads\/2025\/02\/vorfuehrung6.jpg\" alt=\"\" class=\"wp-image-154\" srcset=\"https:\/\/shinbukai.de\/wp-content\/uploads\/2025\/02\/vorfuehrung6.jpg 1920w, https:\/\/shinbukai.de\/wp-content\/uploads\/2025\/02\/vorfuehrung6-300x169.jpg 300w, https:\/\/shinbukai.de\/wp-content\/uploads\/2025\/02\/vorfuehrung6-1024x576.jpg 1024w, https:\/\/shinbukai.de\/wp-content\/uploads\/2025\/02\/vorfuehrung6-768x432.jpg 768w, https:\/\/shinbukai.de\/wp-content\/uploads\/2025\/02\/vorfuehrung6-1536x864.jpg 1536w\" sizes=\"auto, (max-width: 1920px) 100vw, 1920px\" \/><\/figure>\n\n\n\n<figure class=\"wp-block-image size-full gtfy-23\"><img loading=\"lazy\" decoding=\"async\" width=\"1920\" height=\"1080\" data-id=\"156\" src=\"https:\/\/shinbukai.getsweb.de\/wp-content\/uploads\/2025\/02\/vorfuehrung7.jpg\" alt=\"\" class=\"wp-image-156\" srcset=\"https:\/\/shinbukai.de\/wp-content\/uploads\/2025\/02\/vorfuehrung7.jpg 1920w, https:\/\/shinbukai.de\/wp-content\/uploads\/2025\/02\/vorfuehrung7-300x169.jpg 300w, https:\/\/shinbukai.de\/wp-content\/uploads\/2025\/02\/vorfuehrung7-1024x576.jpg 1024w, https:\/\/shinbukai.de\/wp-content\/uploads\/2025\/02\/vorfuehrung7-768x432.jpg 768w, https:\/\/shinbukai.de\/wp-content\/uploads\/2025\/02\/vorfuehrung7-1536x864.jpg 1536w\" sizes=\"auto, (max-width: 1920px) 100vw, 1920px\" \/><\/figure>\n\n\n\n<figure class=\"wp-block-image size-full gtfy-24\"><img loading=\"lazy\" decoding=\"async\" width=\"1920\" height=\"1080\" data-id=\"145\" src=\"https:\/\/shinbukai.getsweb.de\/wp-content\/uploads\/2025\/02\/vorfuehrung10.jpg\" alt=\"\" class=\"wp-image-145\" srcset=\"https:\/\/shinbukai.de\/wp-content\/uploads\/2025\/02\/vorfuehrung10.jpg 1920w, https:\/\/shinbukai.de\/wp-content\/uploads\/2025\/02\/vorfuehrung10-300x169.jpg 300w, https:\/\/shinbukai.de\/wp-content\/uploads\/2025\/02\/vorfuehrung10-1024x576.jpg 1024w, https:\/\/shinbukai.de\/wp-content\/uploads\/2025\/02\/vorfuehrung10-768x432.jpg 768w, https:\/\/shinbukai.de\/wp-content\/uploads\/2025\/02\/vorfuehrung10-1536x864.jpg 1536w\" sizes=\"auto, (max-width: 1920px) 100vw, 1920px\" \/><\/figure>\n\n\n\n<figure class=\"wp-block-image size-full gtfy-25\"><img loading=\"lazy\" decoding=\"async\" width=\"1920\" height=\"1080\" data-id=\"149\" src=\"https:\/\/shinbukai.getsweb.de\/wp-content\/uploads\/2025\/02\/vorfuehrung8.jpg\" alt=\"\" class=\"wp-image-149\" srcset=\"https:\/\/shinbukai.de\/wp-content\/uploads\/2025\/02\/vorfuehrung8.jpg 1920w, https:\/\/shinbukai.de\/wp-content\/uploads\/2025\/02\/vorfuehrung8-300x169.jpg 300w, https:\/\/shinbukai.de\/wp-content\/uploads\/2025\/02\/vorfuehrung8-1024x576.jpg 1024w, https:\/\/shinbukai.de\/wp-content\/uploads\/2025\/02\/vorfuehrung8-768x432.jpg 768w, https:\/\/shinbukai.de\/wp-content\/uploads\/2025\/02\/vorfuehrung8-1536x864.jpg 1536w\" sizes=\"auto, (max-width: 1920px) 100vw, 1920px\" \/><\/figure>\n<\/figure>\n<\/div>\n","protected":false},"excerpt":{"rendered":"<p>Seit 1998 unterrichtet Sensei Joachim Wursthorn unter dem Namen Shinbu-Kai Karate, nachdem er es zuvor [&hellip;]<\/p>\n","protected":false},"author":1,"featured_media":161,"parent":0,"menu_order":0,"comment_status":"closed","ping_status":"closed","template":"","meta":{"footnotes":""},"class_list":["post-96","page","type-page","status-publish","has-post-thumbnail","hentry"],"yoast_head":"<!-- This site is optimized with the Yoast SEO plugin v27.3 - https:\/\/yoast.com\/product\/yoast-seo-wordpress\/ -->\n<title>20 j\u00e4hriges Jubil\u00e4um - Shinbukai Karate<\/title>\n<meta name=\"robots\" content=\"index, follow, max-snippet:-1, max-image-preview:large, max-video-preview:-1\" \/>\n<link rel=\"canonical\" href=\"https:\/\/shinbukai.de\/?page_id=96\" \/>\n<meta property=\"og:locale\" content=\"de_DE\" \/>\n<meta property=\"og:type\" content=\"article\" \/>\n<meta property=\"og:title\" content=\"20 j\u00e4hriges Jubil\u00e4um - Shinbukai Karate\" \/>\n<meta property=\"og:description\" content=\"Seit 1998 unterrichtet Sensei Joachim Wursthorn unter dem Namen Shinbu-Kai Karate, nachdem er es zuvor [&hellip;]\" \/>\n<meta property=\"og:url\" content=\"https:\/\/shinbukai.de\/?page_id=96\" \/>\n<meta property=\"og:site_name\" content=\"Shinbukai Karate\" \/>\n<meta property=\"article:modified_time\" content=\"2025-05-10T23:37:28+00:00\" \/>\n<meta property=\"og:image\" content=\"https:\/\/shinbukai.de\/wp-content\/uploads\/2025\/05\/lehrgang.jpg\" \/>\n\t<meta property=\"og:image:width\" content=\"1920\" \/>\n\t<meta property=\"og:image:height\" content=\"1080\" \/>\n\t<meta property=\"og:image:type\" content=\"image\/jpeg\" \/>\n<meta name=\"twitter:card\" content=\"summary_large_image\" \/>\n<meta name=\"twitter:label1\" content=\"Gesch\u00e4tzte Lesezeit\" \/>\n\t<meta name=\"twitter:data1\" content=\"6\u00a0Minuten\" \/>\n<script type=\"application\/ld+json\" class=\"yoast-schema-graph\">{\"@context\":\"https:\\\/\\\/schema.org\",\"@graph\":[{\"@type\":\"WebPage\",\"@id\":\"https:\\\/\\\/shinbukai.de\\\/?page_id=96\",\"url\":\"https:\\\/\\\/shinbukai.de\\\/?page_id=96\",\"name\":\"20 j\u00e4hriges Jubil\u00e4um - Shinbukai Karate\",\"isPartOf\":{\"@id\":\"https:\\\/\\\/shinbukai.de\\\/#website\"},\"primaryImageOfPage\":{\"@id\":\"https:\\\/\\\/shinbukai.de\\\/?page_id=96#primaryimage\"},\"image\":{\"@id\":\"https:\\\/\\\/shinbukai.de\\\/?page_id=96#primaryimage\"},\"thumbnailUrl\":\"https:\\\/\\\/shinbukai.de\\\/wp-content\\\/uploads\\\/2025\\\/05\\\/lehrgang.jpg\",\"datePublished\":\"2025-02-13T23:56:13+00:00\",\"dateModified\":\"2025-05-10T23:37:28+00:00\",\"breadcrumb\":{\"@id\":\"https:\\\/\\\/shinbukai.de\\\/?page_id=96#breadcrumb\"},\"inLanguage\":\"de\",\"potentialAction\":[{\"@type\":\"ReadAction\",\"target\":[\"https:\\\/\\\/shinbukai.de\\\/?page_id=96\"]}]},{\"@type\":\"ImageObject\",\"inLanguage\":\"de\",\"@id\":\"https:\\\/\\\/shinbukai.de\\\/?page_id=96#primaryimage\",\"url\":\"https:\\\/\\\/shinbukai.de\\\/wp-content\\\/uploads\\\/2025\\\/05\\\/lehrgang.jpg\",\"contentUrl\":\"https:\\\/\\\/shinbukai.de\\\/wp-content\\\/uploads\\\/2025\\\/05\\\/lehrgang.jpg\",\"width\":1920,\"height\":1080},{\"@type\":\"BreadcrumbList\",\"@id\":\"https:\\\/\\\/shinbukai.de\\\/?page_id=96#breadcrumb\",\"itemListElement\":[{\"@type\":\"ListItem\",\"position\":1,\"name\":\"Startseite\",\"item\":\"https:\\\/\\\/shinbukai.de\\\/\"},{\"@type\":\"ListItem\",\"position\":2,\"name\":\"20 j\u00e4hriges Jubil\u00e4um\"}]},{\"@type\":\"WebSite\",\"@id\":\"https:\\\/\\\/shinbukai.de\\\/#website\",\"url\":\"https:\\\/\\\/shinbukai.de\\\/\",\"name\":\"Shinbukai Karate\",\"description\":\"\",\"potentialAction\":[{\"@type\":\"SearchAction\",\"target\":{\"@type\":\"EntryPoint\",\"urlTemplate\":\"https:\\\/\\\/shinbukai.de\\\/?s={search_term_string}\"},\"query-input\":{\"@type\":\"PropertyValueSpecification\",\"valueRequired\":true,\"valueName\":\"search_term_string\"}}],\"inLanguage\":\"de\"}]}<\/script>\n<!-- \/ Yoast SEO plugin. -->","yoast_head_json":{"title":"20 j\u00e4hriges Jubil\u00e4um - Shinbukai Karate","robots":{"index":"index","follow":"follow","max-snippet":"max-snippet:-1","max-image-preview":"max-image-preview:large","max-video-preview":"max-video-preview:-1"},"canonical":"https:\/\/shinbukai.de\/?page_id=96","og_locale":"de_DE","og_type":"article","og_title":"20 j\u00e4hriges Jubil\u00e4um - Shinbukai Karate","og_description":"Seit 1998 unterrichtet Sensei Joachim Wursthorn unter dem Namen Shinbu-Kai Karate, nachdem er es zuvor [&hellip;]","og_url":"https:\/\/shinbukai.de\/?page_id=96","og_site_name":"Shinbukai Karate","article_modified_time":"2025-05-10T23:37:28+00:00","og_image":[{"width":1920,"height":1080,"url":"https:\/\/shinbukai.de\/wp-content\/uploads\/2025\/05\/lehrgang.jpg","type":"image\/jpeg"}],"twitter_card":"summary_large_image","twitter_misc":{"Gesch\u00e4tzte Lesezeit":"6\u00a0Minuten"},"schema":{"@context":"https:\/\/schema.org","@graph":[{"@type":"WebPage","@id":"https:\/\/shinbukai.de\/?page_id=96","url":"https:\/\/shinbukai.de\/?page_id=96","name":"20 j\u00e4hriges Jubil\u00e4um - Shinbukai Karate","isPartOf":{"@id":"https:\/\/shinbukai.de\/#website"},"primaryImageOfPage":{"@id":"https:\/\/shinbukai.de\/?page_id=96#primaryimage"},"image":{"@id":"https:\/\/shinbukai.de\/?page_id=96#primaryimage"},"thumbnailUrl":"https:\/\/shinbukai.de\/wp-content\/uploads\/2025\/05\/lehrgang.jpg","datePublished":"2025-02-13T23:56:13+00:00","dateModified":"2025-05-10T23:37:28+00:00","breadcrumb":{"@id":"https:\/\/shinbukai.de\/?page_id=96#breadcrumb"},"inLanguage":"de","potentialAction":[{"@type":"ReadAction","target":["https:\/\/shinbukai.de\/?page_id=96"]}]},{"@type":"ImageObject","inLanguage":"de","@id":"https:\/\/shinbukai.de\/?page_id=96#primaryimage","url":"https:\/\/shinbukai.de\/wp-content\/uploads\/2025\/05\/lehrgang.jpg","contentUrl":"https:\/\/shinbukai.de\/wp-content\/uploads\/2025\/05\/lehrgang.jpg","width":1920,"height":1080},{"@type":"BreadcrumbList","@id":"https:\/\/shinbukai.de\/?page_id=96#breadcrumb","itemListElement":[{"@type":"ListItem","position":1,"name":"Startseite","item":"https:\/\/shinbukai.de\/"},{"@type":"ListItem","position":2,"name":"20 j\u00e4hriges Jubil\u00e4um"}]},{"@type":"WebSite","@id":"https:\/\/shinbukai.de\/#website","url":"https:\/\/shinbukai.de\/","name":"Shinbukai Karate","description":"","potentialAction":[{"@type":"SearchAction","target":{"@type":"EntryPoint","urlTemplate":"https:\/\/shinbukai.de\/?s={search_term_string}"},"query-input":{"@type":"PropertyValueSpecification","valueRequired":true,"valueName":"search_term_string"}}],"inLanguage":"de"}]}},"_links":{"self":[{"href":"https:\/\/shinbukai.de\/index.php?rest_route=\/wp\/v2\/pages\/96","targetHints":{"allow":["GET"]}}],"collection":[{"href":"https:\/\/shinbukai.de\/index.php?rest_route=\/wp\/v2\/pages"}],"about":[{"href":"https:\/\/shinbukai.de\/index.php?rest_route=\/wp\/v2\/types\/page"}],"author":[{"embeddable":true,"href":"https:\/\/shinbukai.de\/index.php?rest_route=\/wp\/v2\/users\/1"}],"replies":[{"embeddable":true,"href":"https:\/\/shinbukai.de\/index.php?rest_route=%2Fwp%2Fv2%2Fcomments&post=96"}],"version-history":[{"count":4,"href":"https:\/\/shinbukai.de\/index.php?rest_route=\/wp\/v2\/pages\/96\/revisions"}],"predecessor-version":[{"id":259,"href":"https:\/\/shinbukai.de\/index.php?rest_route=\/wp\/v2\/pages\/96\/revisions\/259"}],"wp:featuredmedia":[{"embeddable":true,"href":"https:\/\/shinbukai.de\/index.php?rest_route=\/wp\/v2\/media\/161"}],"wp:attachment":[{"href":"https:\/\/shinbukai.de\/index.php?rest_route=%2Fwp%2Fv2%2Fmedia&parent=96"}],"curies":[{"name":"wp","href":"https:\/\/api.w.org\/{rel}","templated":true}]}}